{"id":19,"date":"2021-04-12T18:34:59","date_gmt":"2021-04-12T16:34:59","guid":{"rendered":"https:\/\/www.antiquarks.org\/live\/?page_id=19"},"modified":"2022-10-30T14:11:54","modified_gmt":"2022-10-30T13:11:54","slug":"antiquarks","status":"publish","type":"page","link":"https:\/\/www.antiquarks.org\/live\/","title":{"rendered":"HOME"},"content":{"rendered":"\n<div class=\"wp-block-columns alignfull is-layout-flex wp-container-core-columns-is-layout-9d6595d7 wp-block-columns-is-layout-flex\">\n<div class=\"wp-block-column is-layout-flow wp-block-column-is-layout-flow\">\n<\/div>\n<\/div>\n\n\n\n<div class=\"wp-block-columns is-layout-flex wp-container-core-columns-is-layout-9d6595d7 wp-block-columns-is-layout-flex\">\n<div class=\"wp-block-column is-layout-flow wp-block-column-is-layout-flow\"><\/div>\n<\/div>\n\n\n\n<div class=\"wp-block-group alignwide\"><div class=\"wp-block-group__inner-container is-layout-flow wp-block-group-is-layout-flow\">\n<div class=\"wp-block-columns alignwide are-vertically-aligned-center rowHome is-layout-flex wp-container-core-columns-is-layout-9d6595d7 wp-block-columns-is-layout-flex\">\n<div class=\"wp-block-column is-vertically-aligned-center rowHome is-layout-flow wp-block-column-is-layout-flow\">\n<div class=\"wp-block-columns is-layout-flex wp-container-core-columns-is-layout-9d6595d7 wp-block-columns-is-layout-flex\">\n<div class=\"wp-block-column is-vertically-aligned-center is-layout-flow wp-block-column-is-layout-flow\"><div class=\"wp-block-image\">\n<figure class=\"aligncenter size-full\"><img loading=\"lazy\" decoding=\"async\" width=\"527\" height=\"422\" src=\"https:\/\/www.antiquarks.org\/live\/wp-content\/uploads\/2022\/04\/antiquarks-montage-2-1.png\" alt=\"antiquarks-montage-2\" class=\"wp-image-779\" srcset=\"https:\/\/www.antiquarks.org\/live\/wp-content\/uploads\/2022\/04\/antiquarks-montage-2-1.png 527w, https:\/\/www.antiquarks.org\/live\/wp-content\/uploads\/2022\/04\/antiquarks-montage-2-1-300x240.png 300w\" sizes=\"auto, (max-width: 527px) 100vw, 527px\" \/><\/figure>\n<\/div><\/div>\n\n\n\n<div class=\"wp-block-column is-vertically-aligned-center is-layout-flow wp-block-column-is-layout-flow\">\n<div class=\"wp-block-group\"><div class=\"wp-block-group__inner-container is-layout-flow wp-block-group-is-layout-flow\">\n<h2 class=\"wp-block-heading\"><em><strong>Antiquarks<\/strong> &amp; <strong>Souleymane Faye<\/strong><\/em><\/h2>\n\n\n\n<p><em>Antiquarks feat. Souleymane Faye: a human, artistic, rhythmic meeting \u2026 Together, they compose songs about courage to give hope to the youth concerned for the future of the planet. A cosmopolitan collaboration that explores a range of mixed music combining those both experimental and popular. Souleymane Faye and Antiquarks are driven by a strong desire to meet, understand and question African and Afro-descendant youth about the chances and hopes of their future.<\/em><\/p>\n<\/div><\/div>\n\n\n\n<div class=\"wp-block-group\"><div class=\"wp-block-group__inner-container is-layout-flow wp-block-group-is-layout-flow\">\n<p><em>Souleymane Faye s\u2019impose \u00e0 sa mani\u00e8re f\u00e9line sur des textes rythm\u00e9s, \u00e0 la fois g\u00e9n\u00e9reux et engag\u00e9s (voir Jarul Xuloo). Antiquarks souligne ces textes avec les instruments traditionnels occidentaux (vielle augment\u00e9e \u00e9lectro, batterie).<\/em><\/p>\n<\/div><\/div>\n<\/div>\n<\/div>\n<\/div>\n<\/div>\n<\/div><\/div>\n\n\n\n<div class=\"wp-block-group\"><div class=\"wp-block-group__inner-container is-layout-flow wp-block-group-is-layout-flow\">\n<div class=\"wp-block-columns is-layout-flex wp-container-core-columns-is-layout-9d6595d7 wp-block-columns-is-layout-flex\">\n<div class=\"wp-block-column is-layout-flow wp-block-column-is-layout-flow\" style=\"flex-basis:100%\">\n<div class=\"wp-block-columns is-layout-flex wp-container-core-columns-is-layout-9d6595d7 wp-block-columns-is-layout-flex\">\n<div class=\"wp-block-column is-layout-flow wp-block-column-is-layout-flow\">\n<h2 class=\"has-text-align-center wp-block-heading\">A musical meeting<\/h2>\n\n\n\n<p class=\"has-text-align-center\"><em>Souleymane Faye has established himself in his feline way on rhythmic texts, both generous and committed (see Jarul Xuloo). Antiquarks highlights these texts with traditional instruments of the West (old augmented electro, drums).&nbsp;The meeting between the French duo Richard Mons\u00e9gu-S\u00e9bastien Tron (Antiquarks) and the Senegalese musician-singer Souleymane Faye (Xalam II) marks the birth of a universal cabaret that confirms the need for humanity and openness to experiences with the rest of the world.<\/em><\/p>\n\n\n\n<div class=\"wp-block-buttons is-content-justification-center is-layout-flex wp-container-core-buttons-is-layout-16018d1d wp-block-buttons-is-layout-flex\">\n<div class=\"wp-block-button\"><a class=\"wp-block-button__link\" href=\"https:\/\/www.antiquarks.org\/live\/about-2\/\">About<\/a><\/div>\n<\/div>\n<\/div>\n<\/div>\n<\/div>\n<\/div>\n<\/div><\/div>\n","protected":false},"excerpt":{"rendered":"<p>Antiquarks &amp; Souleymane Faye Antiquarks feat. Souleymane Faye: a human, artistic, rhythmic meeting \u2026 Together, they compose songs about courage to give hope to the youth concerned for the future<a href=\"https:\/\/www.antiquarks.org\/live\/\" class=\"more-link\"><span class=\"readmore\">Continue reading<span class=\"screen-reader-text\">HOME<\/span><\/span><\/a><\/p>\n","protected":false},"author":1,"featured_media":0,"parent":0,"menu_order":0,"comment_status":"closed","ping_status":"closed","template":"templates\/right-sidebar.php","meta":{"footnotes":""},"class_list":["post-19","page","type-page","status-publish","hentry"],"yoast_head":"<!-- This site is optimized with the Yoast SEO plugin v21.7 - https:\/\/yoast.com\/wordpress\/plugins\/seo\/ -->\n<title>HOME - Souleymane Faye &amp; Antiquarks<\/title>\n<meta name=\"description\" content=\"ANTI\u2026 QUOI ? Antiquarks ! C\u2019est une musique \u00e9trangement famili\u00e8re, un go\u00fbt prononc\u00e9 pour la virtuosit\u00e9 et l\u2019excentricit\u00e9\" \/>\n<meta name=\"robots\" content=\"index, follow, max-snippet:-1, max-image-preview:large, max-video-preview:-1\" \/>\n<link rel=\"canonical\" href=\"https:\/\/www.antiquarks.org\/live\/\" \/>\n<meta property=\"og:locale\" content=\"fr_FR\" \/>\n<meta property=\"og:type\" content=\"article\" \/>\n<meta property=\"og:title\" content=\"HOME - Souleymane Faye &amp; Antiquarks\" \/>\n<meta property=\"og:description\" content=\"ANTI\u2026 QUOI ? Antiquarks ! C\u2019est une musique \u00e9trangement famili\u00e8re, un go\u00fbt prononc\u00e9 pour la virtuosit\u00e9 et l\u2019excentricit\u00e9\" \/>\n<meta property=\"og:url\" content=\"https:\/\/www.antiquarks.org\/live\/\" \/>\n<meta property=\"og:site_name\" content=\"Souleymane Faye &amp; Antiquarks\" \/>\n<meta property=\"article:publisher\" content=\"https:\/\/www.facebook.com\/antiquarks\" \/>\n<meta property=\"article:modified_time\" content=\"2022-10-30T13:11:54+00:00\" \/>\n<meta property=\"og:image\" content=\"https:\/\/www.antiquarks.org\/live\/wp-content\/uploads\/2022\/04\/antiquarks-montage-2-1.png\" \/>\n<meta name=\"twitter:card\" content=\"summary_large_image\" \/>\n<meta name=\"twitter:site\" content=\"@antiquarksmusic\" \/>\n<meta name=\"twitter:label1\" content=\"Dur\u00e9e de lecture estim\u00e9e\" \/>\n\t<meta name=\"twitter:data1\" content=\"2 minutes\" \/>\n<script type=\"application\/ld+json\" class=\"yoast-schema-graph\">{\"@context\":\"https:\/\/schema.org\",\"@graph\":[{\"@type\":\"WebPage\",\"@id\":\"https:\/\/www.antiquarks.org\/live\/\",\"url\":\"https:\/\/www.antiquarks.org\/live\/\",\"name\":\"HOME - Souleymane Faye &amp; Antiquarks\",\"isPartOf\":{\"@id\":\"https:\/\/www.antiquarks.org\/live\/#website\"},\"datePublished\":\"2021-04-12T16:34:59+00:00\",\"dateModified\":\"2022-10-30T13:11:54+00:00\",\"description\":\"ANTI\u2026 QUOI ? Antiquarks ! C\u2019est une musique \u00e9trangement famili\u00e8re, un go\u00fbt prononc\u00e9 pour la virtuosit\u00e9 et l\u2019excentricit\u00e9\",\"breadcrumb\":{\"@id\":\"https:\/\/www.antiquarks.org\/live\/#breadcrumb\"},\"inLanguage\":\"fr-FR\",\"potentialAction\":[{\"@type\":\"ReadAction\",\"target\":[\"https:\/\/www.antiquarks.org\/live\/\"]}]},{\"@type\":\"BreadcrumbList\",\"@id\":\"https:\/\/www.antiquarks.org\/live\/#breadcrumb\",\"itemListElement\":[{\"@type\":\"ListItem\",\"position\":1,\"name\":\"Home\",\"item\":\"https:\/\/www.antiquarks.org\/live\/\"},{\"@type\":\"ListItem\",\"position\":2,\"name\":\"HOME\"}]},{\"@type\":\"WebSite\",\"@id\":\"https:\/\/www.antiquarks.org\/live\/#website\",\"url\":\"https:\/\/www.antiquarks.org\/live\/\",\"name\":\"Souleymane Faye &amp; Antiquarks\",\"description\":\"\",\"publisher\":{\"@id\":\"https:\/\/www.antiquarks.org\/live\/#organization\"},\"potentialAction\":[{\"@type\":\"SearchAction\",\"target\":{\"@type\":\"EntryPoint\",\"urlTemplate\":\"https:\/\/www.antiquarks.org\/live\/?s={search_term_string}\"},\"query-input\":\"required name=search_term_string\"}],\"inLanguage\":\"fr-FR\"},{\"@type\":\"Organization\",\"@id\":\"https:\/\/www.antiquarks.org\/live\/#organization\",\"name\":\"Souleymane Faye &amp; Antiquarks\",\"url\":\"https:\/\/www.antiquarks.org\/live\/\",\"logo\":{\"@type\":\"ImageObject\",\"inLanguage\":\"fr-FR\",\"@id\":\"https:\/\/www.antiquarks.org\/live\/#\/schema\/logo\/image\/\",\"url\":\"https:\/\/www.antiquarks.org\/live\/wp-content\/uploads\/2021\/04\/cropped-Logo-Image-Couleur-etroit-e1619108558426.jpg\",\"contentUrl\":\"https:\/\/www.antiquarks.org\/live\/wp-content\/uploads\/2021\/04\/cropped-Logo-Image-Couleur-etroit-e1619108558426.jpg\",\"width\":100,\"height\":70,\"caption\":\"Souleymane Faye &amp; Antiquarks\"},\"image\":{\"@id\":\"https:\/\/www.antiquarks.org\/live\/#\/schema\/logo\/image\/\"},\"sameAs\":[\"https:\/\/www.facebook.com\/antiquarks\",\"https:\/\/twitter.com\/antiquarksmusic\",\"https:\/\/www.instagram.com\/antiquarksmusic\/\",\"https:\/\/www.youtube.com\/user\/interterrestre\"]}]}<\/script>\n<!-- \/ Yoast SEO plugin. -->","yoast_head_json":{"title":"HOME - Souleymane Faye &amp; Antiquarks","description":"ANTI\u2026 QUOI ? Antiquarks ! C\u2019est une musique \u00e9trangement famili\u00e8re, un go\u00fbt prononc\u00e9 pour la virtuosit\u00e9 et l\u2019excentricit\u00e9","robots":{"index":"index","follow":"follow","max-snippet":"max-snippet:-1","max-image-preview":"max-image-preview:large","max-video-preview":"max-video-preview:-1"},"canonical":"https:\/\/www.antiquarks.org\/live\/","og_locale":"fr_FR","og_type":"article","og_title":"HOME - Souleymane Faye &amp; Antiquarks","og_description":"ANTI\u2026 QUOI ? Antiquarks ! C\u2019est une musique \u00e9trangement famili\u00e8re, un go\u00fbt prononc\u00e9 pour la virtuosit\u00e9 et l\u2019excentricit\u00e9","og_url":"https:\/\/www.antiquarks.org\/live\/","og_site_name":"Souleymane Faye &amp; Antiquarks","article_publisher":"https:\/\/www.facebook.com\/antiquarks","article_modified_time":"2022-10-30T13:11:54+00:00","og_image":[{"url":"https:\/\/www.antiquarks.org\/live\/wp-content\/uploads\/2022\/04\/antiquarks-montage-2-1.png"}],"twitter_card":"summary_large_image","twitter_site":"@antiquarksmusic","twitter_misc":{"Dur\u00e9e de lecture estim\u00e9e":"2 minutes"},"schema":{"@context":"https:\/\/schema.org","@graph":[{"@type":"WebPage","@id":"https:\/\/www.antiquarks.org\/live\/","url":"https:\/\/www.antiquarks.org\/live\/","name":"HOME - Souleymane Faye &amp; Antiquarks","isPartOf":{"@id":"https:\/\/www.antiquarks.org\/live\/#website"},"datePublished":"2021-04-12T16:34:59+00:00","dateModified":"2022-10-30T13:11:54+00:00","description":"ANTI\u2026 QUOI ? Antiquarks ! C\u2019est une musique \u00e9trangement famili\u00e8re, un go\u00fbt prononc\u00e9 pour la virtuosit\u00e9 et l\u2019excentricit\u00e9","breadcrumb":{"@id":"https:\/\/www.antiquarks.org\/live\/#breadcrumb"},"inLanguage":"fr-FR","potentialAction":[{"@type":"ReadAction","target":["https:\/\/www.antiquarks.org\/live\/"]}]},{"@type":"BreadcrumbList","@id":"https:\/\/www.antiquarks.org\/live\/#breadcrumb","itemListElement":[{"@type":"ListItem","position":1,"name":"Home","item":"https:\/\/www.antiquarks.org\/live\/"},{"@type":"ListItem","position":2,"name":"HOME"}]},{"@type":"WebSite","@id":"https:\/\/www.antiquarks.org\/live\/#website","url":"https:\/\/www.antiquarks.org\/live\/","name":"Souleymane Faye &amp; Antiquarks","description":"","publisher":{"@id":"https:\/\/www.antiquarks.org\/live\/#organization"},"potentialAction":[{"@type":"SearchAction","target":{"@type":"EntryPoint","urlTemplate":"https:\/\/www.antiquarks.org\/live\/?s={search_term_string}"},"query-input":"required name=search_term_string"}],"inLanguage":"fr-FR"},{"@type":"Organization","@id":"https:\/\/www.antiquarks.org\/live\/#organization","name":"Souleymane Faye &amp; Antiquarks","url":"https:\/\/www.antiquarks.org\/live\/","logo":{"@type":"ImageObject","inLanguage":"fr-FR","@id":"https:\/\/www.antiquarks.org\/live\/#\/schema\/logo\/image\/","url":"https:\/\/www.antiquarks.org\/live\/wp-content\/uploads\/2021\/04\/cropped-Logo-Image-Couleur-etroit-e1619108558426.jpg","contentUrl":"https:\/\/www.antiquarks.org\/live\/wp-content\/uploads\/2021\/04\/cropped-Logo-Image-Couleur-etroit-e1619108558426.jpg","width":100,"height":70,"caption":"Souleymane Faye &amp; Antiquarks"},"image":{"@id":"https:\/\/www.antiquarks.org\/live\/#\/schema\/logo\/image\/"},"sameAs":["https:\/\/www.facebook.com\/antiquarks","https:\/\/twitter.com\/antiquarksmusic","https:\/\/www.instagram.com\/antiquarksmusic\/","https:\/\/www.youtube.com\/user\/interterrestre"]}]}},"_links":{"self":[{"href":"https:\/\/www.antiquarks.org\/live\/wp-json\/wp\/v2\/pages\/19","targetHints":{"allow":["GET"]}}],"collection":[{"href":"https:\/\/www.antiquarks.org\/live\/wp-json\/wp\/v2\/pages"}],"about":[{"href":"https:\/\/www.antiquarks.org\/live\/wp-json\/wp\/v2\/types\/page"}],"author":[{"embeddable":true,"href":"https:\/\/www.antiquarks.org\/live\/wp-json\/wp\/v2\/users\/1"}],"replies":[{"embeddable":true,"href":"https:\/\/www.antiquarks.org\/live\/wp-json\/wp\/v2\/comments?post=19"}],"version-history":[{"count":0,"href":"https:\/\/www.antiquarks.org\/live\/wp-json\/wp\/v2\/pages\/19\/revisions"}],"wp:attachment":[{"href":"https:\/\/www.antiquarks.org\/live\/wp-json\/wp\/v2\/media?parent=19"}],"curies":[{"name":"wp","href":"https:\/\/api.w.org\/{rel}","templated":true}]}}