{"id":324,"date":"2021-04-12T18:34:59","date_gmt":"2021-04-12T16:34:59","guid":{"rendered":"https:\/\/www.antiquarks.org\/live\/?page_id=324"},"modified":"2022-10-30T14:06:52","modified_gmt":"2022-10-30T13:06:52","slug":"accueil","status":"publish","type":"page","link":"https:\/\/www.antiquarks.org\/live\/fr\/accueil\/","title":{"rendered":"ACCUEIL"},"content":{"rendered":"\n<div class=\"wp-block-columns alignfull is-layout-flex wp-container-core-columns-is-layout-9d6595d7 wp-block-columns-is-layout-flex\">\n<div class=\"wp-block-column is-layout-flow wp-block-column-is-layout-flow\">\n<\/div>\n<\/div>\n\n\n\n<div class=\"wp-block-columns is-layout-flex wp-container-core-columns-is-layout-9d6595d7 wp-block-columns-is-layout-flex\">\n<div class=\"wp-block-column is-layout-flow wp-block-column-is-layout-flow\"><\/div>\n<\/div>\n\n\n\n<div class=\"wp-block-group alignwide\"><div class=\"wp-block-group__inner-container is-layout-flow wp-block-group-is-layout-flow\">\n<div class=\"wp-block-columns alignwide are-vertically-aligned-center rowHome is-layout-flex wp-container-core-columns-is-layout-9d6595d7 wp-block-columns-is-layout-flex\">\n<div class=\"wp-block-column is-vertically-aligned-center rowHome is-layout-flow wp-block-column-is-layout-flow\">\n<div class=\"wp-block-columns is-layout-flex wp-container-core-columns-is-layout-9d6595d7 wp-block-columns-is-layout-flex\">\n<div class=\"wp-block-column is-vertically-aligned-center is-layout-flow wp-block-column-is-layout-flow\"><div class=\"wp-block-image\">\n<figure class=\"aligncenter size-full\"><img loading=\"lazy\" decoding=\"async\" width=\"527\" height=\"422\" src=\"https:\/\/www.antiquarks.org\/live\/wp-content\/uploads\/2022\/04\/antiquarks-montage-2-1.png\" alt=\"antiquarks-montage-2\" class=\"wp-image-779\" srcset=\"https:\/\/www.antiquarks.org\/live\/wp-content\/uploads\/2022\/04\/antiquarks-montage-2-1.png 527w, https:\/\/www.antiquarks.org\/live\/wp-content\/uploads\/2022\/04\/antiquarks-montage-2-1-300x240.png 300w\" sizes=\"auto, (max-width: 527px) 100vw, 527px\" \/><\/figure>\n<\/div><\/div>\n\n\n\n<div class=\"wp-block-column is-vertically-aligned-center is-layout-flow wp-block-column-is-layout-flow\">\n<div class=\"wp-block-group\"><div class=\"wp-block-group__inner-container is-layout-flow wp-block-group-is-layout-flow\">\n<h2 class=\"wp-block-heading\"><em><strong>Antiquarks<\/strong> <em>&amp;<\/em> <strong>Souleymane Faye<\/strong><\/em><\/h2>\n\n\n\n<p>Ils<em> composent des chants autour du courage pour redonner espoir \u00e0 une jeunesse inqui\u00e8te pour l\u2019avenir de la plan\u00e8te. Une collaboration cosmopolite qui explore une gamme de musiques m\u00e9tiss\u00e9es alliant l\u2019exp\u00e9rimental et le populaire. Souleymane Faye et Antiquarks sont anim\u00e9s par un fort d\u00e9sir de rencontrer, comprendre et interroger la jeunesse africaine et afro-descendante sur les chances et les esp\u00e9rances de son futur.<\/em><\/p>\n<\/div><\/div>\n\n\n\n<div class=\"wp-block-group\"><div class=\"wp-block-group__inner-container is-layout-flow wp-block-group-is-layout-flow\">\n<p><em>Souleymane Faye s\u2019impose \u00e0 sa mani\u00e8re f\u00e9line sur des textes rythm\u00e9s, \u00e0 la fois g\u00e9n\u00e9reux et engag\u00e9s (voir Jarul Xuloo). Antiquarks souligne ces textes avec les instruments traditionnels occidentaux (vielle augment\u00e9e \u00e9lectro, batterie).<\/em><\/p>\n<\/div><\/div>\n<\/div>\n<\/div>\n<\/div>\n<\/div>\n<\/div><\/div>\n\n\n\n<div class=\"wp-block-group\"><div class=\"wp-block-group__inner-container is-layout-flow wp-block-group-is-layout-flow\">\n<div class=\"wp-block-columns is-layout-flex wp-container-core-columns-is-layout-9d6595d7 wp-block-columns-is-layout-flex\">\n<div class=\"wp-block-column is-layout-flow wp-block-column-is-layout-flow\" style=\"flex-basis:100%\">\n<div class=\"wp-block-columns is-layout-flex wp-container-core-columns-is-layout-9d6595d7 wp-block-columns-is-layout-flex\">\n<div class=\"wp-block-column is-layout-flow wp-block-column-is-layout-flow\">\n<h2 class=\"has-text-align-center wp-block-heading\">Une rencontre musicale<\/h2>\n\n\n\n<p class=\"has-text-align-center\"><em>La rencontre entre Antiquarks et le musicien-chanteur s\u00e9n\u00e9galais Souleymane Faye (Xalam II) signe l\u2019acte de naissance d\u2019un cabaret universel qui confirme le n\u00e9cessaire besoin d\u2019humanit\u00e9 et d\u2019ouverture aux exp\u00e9riences avec le reste du monde.<\/em><\/p>\n\n\n\n<div class=\"wp-block-buttons is-content-justification-center is-layout-flex wp-container-core-buttons-is-layout-16018d1d wp-block-buttons-is-layout-flex\">\n<div class=\"wp-block-button\"><a class=\"wp-block-button__link\" href=\"https:\/\/www.antiquarks.org\/live\/fr\/a-propos\/\">En savoir plus<\/a><\/div>\n<\/div>\n<\/div>\n<\/div>\n<\/div>\n<\/div>\n<\/div><\/div>\n","protected":false},"excerpt":{"rendered":"<p>Antiquarks &amp; Souleymane Faye Ils composent des chants autour du courage pour redonner espoir \u00e0 une jeunesse inqui\u00e8te pour l\u2019avenir de la plan\u00e8te. Une collaboration cosmopolite qui explore une gamme<a href=\"https:\/\/www.antiquarks.org\/live\/fr\/accueil\/\" class=\"more-link\"><span class=\"readmore\">Continue reading<span class=\"screen-reader-text\">ACCUEIL<\/span><\/span><\/a><\/p>\n","protected":false},"author":1,"featured_media":0,"parent":0,"menu_order":0,"comment_status":"closed","ping_status":"closed","template":"templates\/right-sidebar.php","meta":{"footnotes":""},"class_list":["post-324","page","type-page","status-publish","hentry"],"yoast_head":"<!-- This site is optimized with the Yoast SEO plugin v21.7 - https:\/\/yoast.com\/wordpress\/plugins\/seo\/ -->\n<title>ACCUEIL - Souleymane Faye &amp; Antiquarks<\/title>\n<meta name=\"description\" content=\"ANTI\u2026 QUOI ? Antiquarks ! C\u2019est une musique \u00e9trangement famili\u00e8re, un go\u00fbt prononc\u00e9 pour la virtuosit\u00e9 et l\u2019excentricit\u00e9\" \/>\n<meta name=\"robots\" content=\"index, follow, max-snippet:-1, max-image-preview:large, max-video-preview:-1\" \/>\n<link rel=\"canonical\" href=\"https:\/\/www.antiquarks.org\/live\/fr\/accueil\/\" \/>\n<meta property=\"og:locale\" content=\"fr_FR\" \/>\n<meta property=\"og:type\" content=\"article\" \/>\n<meta property=\"og:title\" content=\"ACCUEIL - Souleymane Faye &amp; Antiquarks\" \/>\n<meta property=\"og:description\" content=\"ANTI\u2026 QUOI ? Antiquarks ! C\u2019est une musique \u00e9trangement famili\u00e8re, un go\u00fbt prononc\u00e9 pour la virtuosit\u00e9 et l\u2019excentricit\u00e9\" \/>\n<meta property=\"og:url\" content=\"https:\/\/www.antiquarks.org\/live\/fr\/accueil\/\" \/>\n<meta property=\"og:site_name\" content=\"Souleymane Faye &amp; Antiquarks\" \/>\n<meta property=\"article:publisher\" content=\"https:\/\/www.facebook.com\/antiquarks\" \/>\n<meta property=\"article:modified_time\" content=\"2022-10-30T13:06:52+00:00\" \/>\n<meta property=\"og:image\" content=\"https:\/\/www.antiquarks.org\/live\/wp-content\/uploads\/2022\/04\/antiquarks-montage-2-1.png\" \/>\n<meta name=\"twitter:card\" content=\"summary_large_image\" \/>\n<meta name=\"twitter:site\" content=\"@antiquarksmusic\" \/>\n<meta name=\"twitter:label1\" content=\"Dur\u00e9e de lecture estim\u00e9e\" \/>\n\t<meta name=\"twitter:data1\" content=\"1 minute\" \/>\n<script type=\"application\/ld+json\" class=\"yoast-schema-graph\">{\"@context\":\"https:\/\/schema.org\",\"@graph\":[{\"@type\":\"WebPage\",\"@id\":\"https:\/\/www.antiquarks.org\/live\/fr\/accueil\/\",\"url\":\"https:\/\/www.antiquarks.org\/live\/fr\/accueil\/\",\"name\":\"ACCUEIL - Souleymane Faye &amp; Antiquarks\",\"isPartOf\":{\"@id\":\"https:\/\/www.antiquarks.org\/live\/#website\"},\"datePublished\":\"2021-04-12T16:34:59+00:00\",\"dateModified\":\"2022-10-30T13:06:52+00:00\",\"description\":\"ANTI\u2026 QUOI ? Antiquarks ! C\u2019est une musique \u00e9trangement famili\u00e8re, un go\u00fbt prononc\u00e9 pour la virtuosit\u00e9 et l\u2019excentricit\u00e9\",\"breadcrumb\":{\"@id\":\"https:\/\/www.antiquarks.org\/live\/fr\/accueil\/#breadcrumb\"},\"inLanguage\":\"fr-FR\",\"potentialAction\":[{\"@type\":\"ReadAction\",\"target\":[\"https:\/\/www.antiquarks.org\/live\/fr\/accueil\/\"]}]},{\"@type\":\"BreadcrumbList\",\"@id\":\"https:\/\/www.antiquarks.org\/live\/fr\/accueil\/#breadcrumb\",\"itemListElement\":[{\"@type\":\"ListItem\",\"position\":1,\"name\":\"Home\",\"item\":\"https:\/\/www.antiquarks.org\/live\/\"},{\"@type\":\"ListItem\",\"position\":2,\"name\":\"ACCUEIL\"}]},{\"@type\":\"WebSite\",\"@id\":\"https:\/\/www.antiquarks.org\/live\/#website\",\"url\":\"https:\/\/www.antiquarks.org\/live\/\",\"name\":\"Souleymane Faye &amp; Antiquarks\",\"description\":\"\",\"publisher\":{\"@id\":\"https:\/\/www.antiquarks.org\/live\/#organization\"},\"potentialAction\":[{\"@type\":\"SearchAction\",\"target\":{\"@type\":\"EntryPoint\",\"urlTemplate\":\"https:\/\/www.antiquarks.org\/live\/?s={search_term_string}\"},\"query-input\":\"required name=search_term_string\"}],\"inLanguage\":\"fr-FR\"},{\"@type\":\"Organization\",\"@id\":\"https:\/\/www.antiquarks.org\/live\/#organization\",\"name\":\"Souleymane Faye &amp; Antiquarks\",\"url\":\"https:\/\/www.antiquarks.org\/live\/\",\"logo\":{\"@type\":\"ImageObject\",\"inLanguage\":\"fr-FR\",\"@id\":\"https:\/\/www.antiquarks.org\/live\/#\/schema\/logo\/image\/\",\"url\":\"https:\/\/www.antiquarks.org\/live\/wp-content\/uploads\/2021\/04\/cropped-Logo-Image-Couleur-etroit-e1619108558426.jpg\",\"contentUrl\":\"https:\/\/www.antiquarks.org\/live\/wp-content\/uploads\/2021\/04\/cropped-Logo-Image-Couleur-etroit-e1619108558426.jpg\",\"width\":100,\"height\":70,\"caption\":\"Souleymane Faye &amp; Antiquarks\"},\"image\":{\"@id\":\"https:\/\/www.antiquarks.org\/live\/#\/schema\/logo\/image\/\"},\"sameAs\":[\"https:\/\/www.facebook.com\/antiquarks\",\"https:\/\/twitter.com\/antiquarksmusic\",\"https:\/\/www.instagram.com\/antiquarksmusic\/\",\"https:\/\/www.youtube.com\/user\/interterrestre\"]}]}<\/script>\n<!-- \/ Yoast SEO plugin. -->","yoast_head_json":{"title":"ACCUEIL - Souleymane Faye &amp; Antiquarks","description":"ANTI\u2026 QUOI ? Antiquarks ! C\u2019est une musique \u00e9trangement famili\u00e8re, un go\u00fbt prononc\u00e9 pour la virtuosit\u00e9 et l\u2019excentricit\u00e9","robots":{"index":"index","follow":"follow","max-snippet":"max-snippet:-1","max-image-preview":"max-image-preview:large","max-video-preview":"max-video-preview:-1"},"canonical":"https:\/\/www.antiquarks.org\/live\/fr\/accueil\/","og_locale":"fr_FR","og_type":"article","og_title":"ACCUEIL - Souleymane Faye &amp; Antiquarks","og_description":"ANTI\u2026 QUOI ? Antiquarks ! C\u2019est une musique \u00e9trangement famili\u00e8re, un go\u00fbt prononc\u00e9 pour la virtuosit\u00e9 et l\u2019excentricit\u00e9","og_url":"https:\/\/www.antiquarks.org\/live\/fr\/accueil\/","og_site_name":"Souleymane Faye &amp; Antiquarks","article_publisher":"https:\/\/www.facebook.com\/antiquarks","article_modified_time":"2022-10-30T13:06:52+00:00","og_image":[{"url":"https:\/\/www.antiquarks.org\/live\/wp-content\/uploads\/2022\/04\/antiquarks-montage-2-1.png"}],"twitter_card":"summary_large_image","twitter_site":"@antiquarksmusic","twitter_misc":{"Dur\u00e9e de lecture estim\u00e9e":"1 minute"},"schema":{"@context":"https:\/\/schema.org","@graph":[{"@type":"WebPage","@id":"https:\/\/www.antiquarks.org\/live\/fr\/accueil\/","url":"https:\/\/www.antiquarks.org\/live\/fr\/accueil\/","name":"ACCUEIL - Souleymane Faye &amp; Antiquarks","isPartOf":{"@id":"https:\/\/www.antiquarks.org\/live\/#website"},"datePublished":"2021-04-12T16:34:59+00:00","dateModified":"2022-10-30T13:06:52+00:00","description":"ANTI\u2026 QUOI ? Antiquarks ! C\u2019est une musique \u00e9trangement famili\u00e8re, un go\u00fbt prononc\u00e9 pour la virtuosit\u00e9 et l\u2019excentricit\u00e9","breadcrumb":{"@id":"https:\/\/www.antiquarks.org\/live\/fr\/accueil\/#breadcrumb"},"inLanguage":"fr-FR","potentialAction":[{"@type":"ReadAction","target":["https:\/\/www.antiquarks.org\/live\/fr\/accueil\/"]}]},{"@type":"BreadcrumbList","@id":"https:\/\/www.antiquarks.org\/live\/fr\/accueil\/#breadcrumb","itemListElement":[{"@type":"ListItem","position":1,"name":"Home","item":"https:\/\/www.antiquarks.org\/live\/"},{"@type":"ListItem","position":2,"name":"ACCUEIL"}]},{"@type":"WebSite","@id":"https:\/\/www.antiquarks.org\/live\/#website","url":"https:\/\/www.antiquarks.org\/live\/","name":"Souleymane Faye &amp; Antiquarks","description":"","publisher":{"@id":"https:\/\/www.antiquarks.org\/live\/#organization"},"potentialAction":[{"@type":"SearchAction","target":{"@type":"EntryPoint","urlTemplate":"https:\/\/www.antiquarks.org\/live\/?s={search_term_string}"},"query-input":"required name=search_term_string"}],"inLanguage":"fr-FR"},{"@type":"Organization","@id":"https:\/\/www.antiquarks.org\/live\/#organization","name":"Souleymane Faye &amp; Antiquarks","url":"https:\/\/www.antiquarks.org\/live\/","logo":{"@type":"ImageObject","inLanguage":"fr-FR","@id":"https:\/\/www.antiquarks.org\/live\/#\/schema\/logo\/image\/","url":"https:\/\/www.antiquarks.org\/live\/wp-content\/uploads\/2021\/04\/cropped-Logo-Image-Couleur-etroit-e1619108558426.jpg","contentUrl":"https:\/\/www.antiquarks.org\/live\/wp-content\/uploads\/2021\/04\/cropped-Logo-Image-Couleur-etroit-e1619108558426.jpg","width":100,"height":70,"caption":"Souleymane Faye &amp; Antiquarks"},"image":{"@id":"https:\/\/www.antiquarks.org\/live\/#\/schema\/logo\/image\/"},"sameAs":["https:\/\/www.facebook.com\/antiquarks","https:\/\/twitter.com\/antiquarksmusic","https:\/\/www.instagram.com\/antiquarksmusic\/","https:\/\/www.youtube.com\/user\/interterrestre"]}]}},"_links":{"self":[{"href":"https:\/\/www.antiquarks.org\/live\/wp-json\/wp\/v2\/pages\/324","targetHints":{"allow":["GET"]}}],"collection":[{"href":"https:\/\/www.antiquarks.org\/live\/wp-json\/wp\/v2\/pages"}],"about":[{"href":"https:\/\/www.antiquarks.org\/live\/wp-json\/wp\/v2\/types\/page"}],"author":[{"embeddable":true,"href":"https:\/\/www.antiquarks.org\/live\/wp-json\/wp\/v2\/users\/1"}],"replies":[{"embeddable":true,"href":"https:\/\/www.antiquarks.org\/live\/wp-json\/wp\/v2\/comments?post=324"}],"version-history":[{"count":0,"href":"https:\/\/www.antiquarks.org\/live\/wp-json\/wp\/v2\/pages\/324\/revisions"}],"wp:attachment":[{"href":"https:\/\/www.antiquarks.org\/live\/wp-json\/wp\/v2\/media?parent=324"}],"curies":[{"name":"wp","href":"https:\/\/api.w.org\/{rel}","templated":true}]}}